{"id":4795,"date":"2020-06-26T11:04:17","date_gmt":"2020-06-26T09:04:17","guid":{"rendered":"https:\/\/cirtec.es\/?page_id=4795"},"modified":"2025-07-16T13:28:24","modified_gmt":"2025-07-16T11:28:24","slug":"mexico","status":"publish","type":"page","link":"https:\/\/cirtec.es\/en\/distributors\/mexico\/","title":{"rendered":"MEXICO distributor: Neotech Asphalt"},"content":{"rendered":"<div class=\"wpb-content-wrapper\"><p>[vc_row type=&#8221;vc_default&#8221;][vc_column css=&#8221;.vc_custom_1498229431694{padding-bottom: 50px !important;}&#8221;][vc_single_image image=&#8221;4703&#8243; img_size=&#8221;full&#8221;][vc_empty_space height=&#8221;40px&#8221;]<div id=\"ultimate-heading-343669dfd534ba84d\" class=\"uvc-heading ult-adjust-bottom-margin ultimate-heading-343669dfd534ba84d uvc-3215 titulo-normal\" data-hspacer=\"no_spacer\"  data-halign=\"left\" style=\"text-align:left\"><div class=\"uvc-heading-spacer no_spacer\" style=\"top\"><\/div><div class=\"uvc-main-heading ult-responsive\"  data-ultimate-target='.uvc-heading.ultimate-heading-343669dfd534ba84d h2'  data-responsive-json-new='{\"font-size\":\"desktop:48px;\",\"line-height\":\"desktop:46px;\"}' ><h2 style=\"font-weight:bold;margin-bottom:40px;\">NEOTECH ASPHALT - Cirtec distributor in MEXICO<\/h2><\/div><\/div>[vc_row_inner equal_height=&#8221;yes&#8221; content_placement=&#8221;middle&#8221;][vc_column_inner width=&#8221;1\/2&#8243;][vc_column_text css=&#8221;.vc_custom_1639479331518{padding-bottom: 15px !important;}&#8221;]If we worry today, if we take action today, if today we work for the preservation and environment care, we\u2019ll have a better tomorrow for everyone\u2026<strong> In NEOTECH ASPHALT we take this principle as a basis for the developing a set of asphaltic solutions, in favor of the reuse of many products,<\/strong> giving them a new life, whose benefit lies in create a better environment for the world, improving the asphaltic pavements user\u2019s life quality\u2026<\/p>\n<h3><span style=\"font-size: 26px; color: #000000;\">NEOTECH ASPHALT offers products in pro of the Circular Economy, promoting the waste reuse and making a positive impact in the environment.<\/span><\/h3>\n<p>[\/vc_column_text][\/vc_column_inner][vc_column_inner width=&#8221;1\/2&#8243;][vc_single_image image=&#8221;4790&#8243; img_size=&#8221;full&#8221;][\/vc_column_inner][\/vc_row_inner][\/vc_column][\/vc_row][vc_section][vc_row css=&#8221;.vc_custom_1648141978148{padding-top: 40px !important;padding-bottom: 60px !important;}&#8221;][vc_column]<div id=\"ultimate-heading-614269dfd534ba8e4\" class=\"uvc-heading ult-adjust-bottom-margin ultimate-heading-614269dfd534ba8e4 uvc-4677 titulo-normal\" data-hspacer=\"no_spacer\"  data-halign=\"left\" style=\"text-align:left\"><div class=\"uvc-heading-spacer no_spacer\" style=\"top\"><\/div><div class=\"uvc-main-heading ult-responsive\"  data-ultimate-target='.uvc-heading.ultimate-heading-614269dfd534ba8e4 h2'  data-responsive-json-new='{\"font-size\":\"desktop:42px;\",\"line-height\":\"desktop:32px;\"}' ><h2 style=\"font-weight:bold;margin-bottom:20px;\">NEOTECH ASPHALT Products<\/h2><\/div><\/div>[vc_row_inner equal_height=&#8221;yes&#8221; content_placement=&#8221;middle&#8221;][vc_column_inner width=&#8221;1\/2&#8243; css=&#8221;.vc_custom_1625646158194{padding-bottom: 30px !important;}&#8221;]<div id=\"ultimate-heading-783669dfd534ba952\" class=\"uvc-heading ult-adjust-bottom-margin ultimate-heading-783669dfd534ba952 uvc-4288 \" data-hspacer=\"no_spacer\"  data-halign=\"left\" style=\"text-align:left\"><div class=\"uvc-heading-spacer no_spacer\" style=\"top\"><\/div><div class=\"uvc-sub-heading ult-responsive\"  data-ultimate-target='.uvc-heading.ultimate-heading-783669dfd534ba952 .uvc-sub-heading '  data-responsive-json-new='{\"font-size\":\"desktop:24px;\",\"line-height\":\"desktop:30px;\"}'  style=\"font-weight:normal;\"><strong>Neotech Asphalt<\/strong> is a company specialized in products and services for the road: asphalt emulsions, conventional asphalt, modified asphalt&#8230; <strong>being its most innovative product Cirtec&#8217;s RARx tire powder additive.\u00a0<\/strong><\/div><\/div>[\/vc_column_inner][vc_column_inner width=&#8221;1\/2&#8243;][vc_single_image image=&#8221;5453&#8243; img_size=&#8221;full&#8221;][\/vc_column_inner][\/vc_row_inner][\/vc_column][\/vc_row][vc_row css=&#8221;.vc_custom_1752665301495{padding-top: 40px !important;}&#8221;][vc_column]<div id=\"ultimate-heading-871169dfd534ba99d\" class=\"uvc-heading ult-adjust-bottom-margin ultimate-heading-871169dfd534ba99d uvc-6572 titulo-normal\" data-hspacer=\"no_spacer\"  data-halign=\"left\" style=\"text-align:left\"><div class=\"uvc-heading-spacer no_spacer\" style=\"top\"><\/div><div class=\"uvc-main-heading ult-responsive\"  data-ultimate-target='.uvc-heading.ultimate-heading-871169dfd534ba99d h2'  data-responsive-json-new='{\"font-size\":\"desktop:42px;\",\"line-height\":\"desktop:44px;\"}' ><h2 style=\"font-weight:bold;margin-bottom:20px;\">Contact NEOTECH ASPHALT<\/h2><\/div><\/div>[\/vc_column][\/vc_row][vc_row equal_height=&#8221;yes&#8221; content_placement=&#8221;middle&#8221;][vc_column width=&#8221;1\/3&#8243;][vc_single_image image=&#8221;4747&#8243; img_size=&#8221;medium&#8221; alignment=&#8221;center&#8221; onclick=&#8221;custom_link&#8221; img_link_target=&#8221;_blank&#8221; link=&#8221;http:\/\/www.neotechasphalt.mx\/&#8221;][\/vc_column][vc_column width=&#8221;1\/3&#8243;]<div class=\"aio-icon-component    style_1\"><div id=\"Info-box-wrap-4368\" class=\"aio-icon-box default-icon\" style=\"\"  ><div class=\"aio-icon-default\"><div class=\"ult-just-icon-wrapper  \"><div class=\"align-icon\" style=\"text-align:center;\">\n<div class=\"aio-icon circle \"  style=\"color:#ffffff;background:#000000;font-size:30px;display:inline-block;\">\n\t<i class=\"icomoon-the7-font-the7-phone-05\"><\/i>\n<\/div><\/div><\/div><\/div><div class=\"aio-icon-header\" ><p class=\"aio-icon-title ult-responsive\"  data-ultimate-target='#Info-box-wrap-4368 .aio-icon-title'  data-responsive-json-new='{\"font-size\":\"desktop:22px;\",\"line-height\":\"\"}'  style=\"\">(+52) 464 119 8555<\/p><\/div> <!-- header --><\/div> <!-- aio-icon-box --><\/div> <!-- aio-icon-component --><div class=\"aio-icon-component    style_1\"><div id=\"Info-box-wrap-5125\" class=\"aio-icon-box default-icon\" style=\"\"  ><div class=\"aio-icon-default\"><div class=\"ult-just-icon-wrapper  \"><div class=\"align-icon\" style=\"text-align:center;\">\n<div class=\"aio-icon circle \"  style=\"color:#ffffff;background:#000000;font-size:30px;display:inline-block;\">\n\t<i class=\"icomoon-the7-font-the7-mail-05\"><\/i>\n<\/div><\/div><\/div><\/div><div class=\"aio-icon-header\" ><p class=\"aio-icon-title ult-responsive\"  data-ultimate-target='#Info-box-wrap-5125 .aio-icon-title'  data-responsive-json-new='{\"font-size\":\"desktop:18px;\",\"line-height\":\"\"}'  style=\"\">contacto@neotechasphalt.mx<\/p><\/div> <!-- header --><\/div> <!-- aio-icon-box --><\/div> <!-- aio-icon-component -->[\/vc_column][vc_column width=&#8221;1\/3&#8243;]<div class=\"aio-icon-component    style_1\"><a class=\"aio-icon-box-link\" href=\"http:\/\/www.neotechasphalt.mx\/\" target=\"_blank\" rel=\"nofollow noopener\" ><div id=\"Info-box-wrap-7046\" class=\"aio-icon-box default-icon\" style=\"\"  ><div class=\"aio-icon-default\"><div class=\"ult-just-icon-wrapper  \"><div class=\"align-icon\" style=\"text-align:center;\">\n<div class=\"aio-icon circle \"  style=\"color:#ffffff;background:#000000;font-size:30px;display:inline-block;\">\n\t<i class=\"icomoon-the7-font-the7-home-022\"><\/i>\n<\/div><\/div><\/div><\/div><div class=\"aio-icon-header\" ><p class=\"aio-icon-title ult-responsive\"  data-ultimate-target='#Info-box-wrap-7046 .aio-icon-title'  data-responsive-json-new='{\"font-size\":\"desktop:22px;\",\"line-height\":\"\"}'  style=\"color:#111111;\">www.neotechasphalt.mx<\/p><\/div> <!-- header --><\/div> <!-- aio-icon-box --><\/a><\/div> <!-- aio-icon-component --><div class=\"aio-icon-component    style_1\"><div id=\"Info-box-wrap-2358\" class=\"aio-icon-box default-icon\" style=\"\"  ><div class=\"aio-icon-default\"><div class=\"ult-just-icon-wrapper  \"><div class=\"align-icon\" style=\"text-align:center;\">\n<div class=\"aio-icon circle \"  style=\"color:#ffffff;background:#000000;font-size:30px;display:inline-block;\">\n\t<i class=\"icomoon-the7-font-the7-map-02\"><\/i>\n<\/div><\/div><\/div><\/div><div class=\"aio-icon-header\" ><p class=\"aio-icon-title ult-responsive\"  data-ultimate-target='#Info-box-wrap-2358 .aio-icon-title'  data-responsive-json-new='{\"font-size\":\"desktop:17px;\",\"line-height\":\"\"}'  style=\"color:#111111;\">Boulevard Jose Mar\u00eda Morelos North N\u00ba 5802, Industrial de Obreg\u00f3n, Le\u00f3n de los Aldama, Guanajuato, Zip Code 37290 M\u00c9XICO<\/p><\/div> <!-- header --><\/div> <!-- aio-icon-box --><\/div> <!-- aio-icon-component -->[\/vc_column][\/vc_row][\/vc_section]<\/p>\n<\/div>","protected":false},"excerpt":{"rendered":"<p>[vc_row type=&#8221;vc_default&#8221;][vc_column css=&#8221;.vc_custom_1498229431694{padding-bottom: 50px !important;}&#8221;][vc_single_image image=&#8221;4703&#8243; img_size=&#8221;full&#8221;][vc_empty_space height=&#8221;40px&#8221;][vc_row_inner equal_height=&#8221;yes&#8221; content_placement=&#8221;middle&#8221;][vc_column_inner width=&#8221;1\/2&#8243;][vc_column_text css=&#8221;.vc_custom_1639479331518{padding-bottom: 15px !important;}&#8221;]If we worry today, if we take action today, if today we work for the preservation and environment care, we\u2019ll have a better tomorrow for everyone\u2026 In NEOTECH ASPHALT we take this principle as a basis for the developing a set of&hellip;<\/p>\n","protected":false},"author":14,"featured_media":4818,"parent":4240,"menu_order":100,"comment_status":"closed","ping_status":"closed","template":"","meta":{"footnotes":""},"class_list":["post-4795","page","type-page","status-publish","has-post-thumbnail","hentry","description-off"],"yoast_head":"<!-- This site is optimized with the Yoast SEO plugin v25.8 - https:\/\/yoast.com\/wordpress\/plugins\/seo\/ -->\n<title>MEXICO distributor: Neotech Asphalt | Cirtec<\/title>\n<meta name=\"robots\" content=\"index, follow, max-snippet:-1, max-image-preview:large, max-video-preview:-1\" \/>\n<link rel=\"canonical\" href=\"https:\/\/cirtec.es\/en\/distributors\/mexico\/\" \/>\n<meta property=\"og:locale\" content=\"en_US\" \/>\n<meta property=\"og:type\" content=\"article\" \/>\n<meta property=\"og:title\" content=\"MEXICO distributor: Neotech Asphalt | Cirtec\" \/>\n<meta property=\"og:description\" content=\"[vc_row type=&#8221;vc_default&#8221;][vc_column css=&#8221;.vc_custom_1498229431694{padding-bottom: 50px !important;}&#8221;][vc_single_image image=&#8221;4703&#8243; img_size=&#8221;full&#8221;][vc_empty_space height=&#8221;40px&#8221;][vc_row_inner equal_height=&#8221;yes&#8221; content_placement=&#8221;middle&#8221;][vc_column_inner width=&#8221;1\/2&#8243;][vc_column_text css=&#8221;.vc_custom_1639479331518{padding-bottom: 15px !important;}&#8221;]If we worry today, if we take action today, if today we work for the preservation and environment care, we\u2019ll have a better tomorrow for everyone\u2026 In NEOTECH ASPHALT we take this principle as a basis for the developing a set of&hellip;\" \/>\n<meta property=\"og:url\" content=\"https:\/\/cirtec.es\/en\/distributors\/mexico\/\" \/>\n<meta property=\"og:site_name\" content=\"Cirtec\" \/>\n<meta property=\"article:publisher\" content=\"https:\/\/www.facebook.com\/cirtecCT\/\" \/>\n<meta property=\"article:modified_time\" content=\"2025-07-16T11:28:24+00:00\" \/>\n<meta property=\"og:image\" content=\"https:\/\/cirtec.es\/wp-content\/uploads\/2020\/06\/logo-neotech-mexico-1.png\" \/>\n\t<meta property=\"og:image:width\" content=\"400\" \/>\n\t<meta property=\"og:image:height\" content=\"400\" \/>\n\t<meta property=\"og:image:type\" content=\"image\/png\" \/>\n<meta name=\"twitter:card\" content=\"summary_large_image\" \/>\n<meta name=\"twitter:site\" content=\"@CirtecCT\" \/>\n<meta name=\"twitter:label1\" content=\"Est. reading time\" \/>\n\t<meta name=\"twitter:data1\" content=\"3 minutes\" \/>\n<script type=\"application\/ld+json\" class=\"yoast-schema-graph\">{\"@context\":\"https:\/\/schema.org\",\"@graph\":[{\"@type\":\"WebPage\",\"@id\":\"https:\/\/cirtec.es\/en\/distributors\/mexico\/\",\"url\":\"https:\/\/cirtec.es\/en\/distributors\/mexico\/\",\"name\":\"MEXICO distributor: Neotech Asphalt | Cirtec\",\"isPartOf\":{\"@id\":\"https:\/\/cirtec.es\/#website\"},\"primaryImageOfPage\":{\"@id\":\"https:\/\/cirtec.es\/en\/distributors\/mexico\/#primaryimage\"},\"image\":{\"@id\":\"https:\/\/cirtec.es\/en\/distributors\/mexico\/#primaryimage\"},\"thumbnailUrl\":\"https:\/\/cirtec.es\/wp-content\/uploads\/2020\/06\/logo-neotech-mexico-1.png\",\"datePublished\":\"2020-06-26T09:04:17+00:00\",\"dateModified\":\"2025-07-16T11:28:24+00:00\",\"breadcrumb\":{\"@id\":\"https:\/\/cirtec.es\/en\/distributors\/mexico\/#breadcrumb\"},\"inLanguage\":\"en-US\",\"potentialAction\":[{\"@type\":\"ReadAction\",\"target\":[\"https:\/\/cirtec.es\/en\/distributors\/mexico\/\"]}]},{\"@type\":\"ImageObject\",\"inLanguage\":\"en-US\",\"@id\":\"https:\/\/cirtec.es\/en\/distributors\/mexico\/#primaryimage\",\"url\":\"https:\/\/cirtec.es\/wp-content\/uploads\/2020\/06\/logo-neotech-mexico-1.png\",\"contentUrl\":\"https:\/\/cirtec.es\/wp-content\/uploads\/2020\/06\/logo-neotech-mexico-1.png\",\"width\":400,\"height\":400},{\"@type\":\"BreadcrumbList\",\"@id\":\"https:\/\/cirtec.es\/en\/distributors\/mexico\/#breadcrumb\",\"itemListElement\":[{\"@type\":\"ListItem\",\"position\":1,\"name\":\"Portada\",\"item\":\"https:\/\/cirtec.es\/en\/\"},{\"@type\":\"ListItem\",\"position\":2,\"name\":\"Partners\",\"item\":\"https:\/\/cirtec.es\/en\/distributors\/\"},{\"@type\":\"ListItem\",\"position\":3,\"name\":\"MEXICO distributor: Neotech Asphalt\"}]},{\"@type\":\"WebSite\",\"@id\":\"https:\/\/cirtec.es\/#website\",\"url\":\"https:\/\/cirtec.es\/\",\"name\":\"Cirtec\",\"description\":\"Aditivos para Asfaltos\",\"publisher\":{\"@id\":\"https:\/\/cirtec.es\/#organization\"},\"potentialAction\":[{\"@type\":\"SearchAction\",\"target\":{\"@type\":\"EntryPoint\",\"urlTemplate\":\"https:\/\/cirtec.es\/?s={search_term_string}\"},\"query-input\":{\"@type\":\"PropertyValueSpecification\",\"valueRequired\":true,\"valueName\":\"search_term_string\"}}],\"inLanguage\":\"en-US\"},{\"@type\":\"Organization\",\"@id\":\"https:\/\/cirtec.es\/#organization\",\"name\":\"Cirtec | Asfalto con caucho\",\"url\":\"https:\/\/cirtec.es\/\",\"logo\":{\"@type\":\"ImageObject\",\"inLanguage\":\"en-US\",\"@id\":\"https:\/\/cirtec.es\/#\/schema\/logo\/image\/\",\"url\":\"https:\/\/cirtec.es\/wp-content\/uploads\/2017\/04\/cirtec-asfalto-con-caucho-logo.png\",\"contentUrl\":\"https:\/\/cirtec.es\/wp-content\/uploads\/2017\/04\/cirtec-asfalto-con-caucho-logo.png\",\"width\":800,\"height\":321,\"caption\":\"Cirtec | Asfalto con caucho\"},\"image\":{\"@id\":\"https:\/\/cirtec.es\/#\/schema\/logo\/image\/\"},\"sameAs\":[\"https:\/\/www.facebook.com\/cirtecCT\/\",\"https:\/\/x.com\/CirtecCT\",\"https:\/\/www.linkedin.com\/company\/cirtec-circulo-tecnologico\/\",\"https:\/\/www.youtube.com\/channel\/UC4SRuJxfz4Yu06ozkxncrmQ\"]}]}<\/script>\n<!-- \/ Yoast SEO plugin. -->","yoast_head_json":{"title":"MEXICO distributor: Neotech Asphalt | Cirtec","robots":{"index":"index","follow":"follow","max-snippet":"max-snippet:-1","max-image-preview":"max-image-preview:large","max-video-preview":"max-video-preview:-1"},"canonical":"https:\/\/cirtec.es\/en\/distributors\/mexico\/","og_locale":"en_US","og_type":"article","og_title":"MEXICO distributor: Neotech Asphalt | Cirtec","og_description":"[vc_row type=&#8221;vc_default&#8221;][vc_column css=&#8221;.vc_custom_1498229431694{padding-bottom: 50px !important;}&#8221;][vc_single_image image=&#8221;4703&#8243; img_size=&#8221;full&#8221;][vc_empty_space height=&#8221;40px&#8221;][vc_row_inner equal_height=&#8221;yes&#8221; content_placement=&#8221;middle&#8221;][vc_column_inner width=&#8221;1\/2&#8243;][vc_column_text css=&#8221;.vc_custom_1639479331518{padding-bottom: 15px !important;}&#8221;]If we worry today, if we take action today, if today we work for the preservation and environment care, we\u2019ll have a better tomorrow for everyone\u2026 In NEOTECH ASPHALT we take this principle as a basis for the developing a set of&hellip;","og_url":"https:\/\/cirtec.es\/en\/distributors\/mexico\/","og_site_name":"Cirtec","article_publisher":"https:\/\/www.facebook.com\/cirtecCT\/","article_modified_time":"2025-07-16T11:28:24+00:00","og_image":[{"width":400,"height":400,"url":"https:\/\/cirtec.es\/wp-content\/uploads\/2020\/06\/logo-neotech-mexico-1.png","type":"image\/png"}],"twitter_card":"summary_large_image","twitter_site":"@CirtecCT","twitter_misc":{"Est. reading time":"3 minutes"},"schema":{"@context":"https:\/\/schema.org","@graph":[{"@type":"WebPage","@id":"https:\/\/cirtec.es\/en\/distributors\/mexico\/","url":"https:\/\/cirtec.es\/en\/distributors\/mexico\/","name":"MEXICO distributor: Neotech Asphalt | Cirtec","isPartOf":{"@id":"https:\/\/cirtec.es\/#website"},"primaryImageOfPage":{"@id":"https:\/\/cirtec.es\/en\/distributors\/mexico\/#primaryimage"},"image":{"@id":"https:\/\/cirtec.es\/en\/distributors\/mexico\/#primaryimage"},"thumbnailUrl":"https:\/\/cirtec.es\/wp-content\/uploads\/2020\/06\/logo-neotech-mexico-1.png","datePublished":"2020-06-26T09:04:17+00:00","dateModified":"2025-07-16T11:28:24+00:00","breadcrumb":{"@id":"https:\/\/cirtec.es\/en\/distributors\/mexico\/#breadcrumb"},"inLanguage":"en-US","potentialAction":[{"@type":"ReadAction","target":["https:\/\/cirtec.es\/en\/distributors\/mexico\/"]}]},{"@type":"ImageObject","inLanguage":"en-US","@id":"https:\/\/cirtec.es\/en\/distributors\/mexico\/#primaryimage","url":"https:\/\/cirtec.es\/wp-content\/uploads\/2020\/06\/logo-neotech-mexico-1.png","contentUrl":"https:\/\/cirtec.es\/wp-content\/uploads\/2020\/06\/logo-neotech-mexico-1.png","width":400,"height":400},{"@type":"BreadcrumbList","@id":"https:\/\/cirtec.es\/en\/distributors\/mexico\/#breadcrumb","itemListElement":[{"@type":"ListItem","position":1,"name":"Portada","item":"https:\/\/cirtec.es\/en\/"},{"@type":"ListItem","position":2,"name":"Partners","item":"https:\/\/cirtec.es\/en\/distributors\/"},{"@type":"ListItem","position":3,"name":"MEXICO distributor: Neotech Asphalt"}]},{"@type":"WebSite","@id":"https:\/\/cirtec.es\/#website","url":"https:\/\/cirtec.es\/","name":"Cirtec","description":"Aditivos para Asfaltos","publisher":{"@id":"https:\/\/cirtec.es\/#organization"},"potentialAction":[{"@type":"SearchAction","target":{"@type":"EntryPoint","urlTemplate":"https:\/\/cirtec.es\/?s={search_term_string}"},"query-input":{"@type":"PropertyValueSpecification","valueRequired":true,"valueName":"search_term_string"}}],"inLanguage":"en-US"},{"@type":"Organization","@id":"https:\/\/cirtec.es\/#organization","name":"Cirtec | Asfalto con caucho","url":"https:\/\/cirtec.es\/","logo":{"@type":"ImageObject","inLanguage":"en-US","@id":"https:\/\/cirtec.es\/#\/schema\/logo\/image\/","url":"https:\/\/cirtec.es\/wp-content\/uploads\/2017\/04\/cirtec-asfalto-con-caucho-logo.png","contentUrl":"https:\/\/cirtec.es\/wp-content\/uploads\/2017\/04\/cirtec-asfalto-con-caucho-logo.png","width":800,"height":321,"caption":"Cirtec | Asfalto con caucho"},"image":{"@id":"https:\/\/cirtec.es\/#\/schema\/logo\/image\/"},"sameAs":["https:\/\/www.facebook.com\/cirtecCT\/","https:\/\/x.com\/CirtecCT","https:\/\/www.linkedin.com\/company\/cirtec-circulo-tecnologico\/","https:\/\/www.youtube.com\/channel\/UC4SRuJxfz4Yu06ozkxncrmQ"]}]}},"_links":{"self":[{"href":"https:\/\/cirtec.es\/en\/wp-json\/wp\/v2\/pages\/4795","targetHints":{"allow":["GET"]}}],"collection":[{"href":"https:\/\/cirtec.es\/en\/wp-json\/wp\/v2\/pages"}],"about":[{"href":"https:\/\/cirtec.es\/en\/wp-json\/wp\/v2\/types\/page"}],"author":[{"embeddable":true,"href":"https:\/\/cirtec.es\/en\/wp-json\/wp\/v2\/users\/14"}],"replies":[{"embeddable":true,"href":"https:\/\/cirtec.es\/en\/wp-json\/wp\/v2\/comments?post=4795"}],"version-history":[{"count":0,"href":"https:\/\/cirtec.es\/en\/wp-json\/wp\/v2\/pages\/4795\/revisions"}],"up":[{"embeddable":true,"href":"https:\/\/cirtec.es\/en\/wp-json\/wp\/v2\/pages\/4240"}],"wp:featuredmedia":[{"embeddable":true,"href":"https:\/\/cirtec.es\/en\/wp-json\/wp\/v2\/media\/4818"}],"wp:attachment":[{"href":"https:\/\/cirtec.es\/en\/wp-json\/wp\/v2\/media?parent=4795"}],"curies":[{"name":"wp","href":"https:\/\/api.w.org\/{rel}","templated":true}]}}